{"id":7126,"date":"2021-04-21T12:13:29","date_gmt":"2021-04-21T10:13:29","guid":{"rendered":"https:\/\/ambientravel.com\/legal-notice\/"},"modified":"2021-04-21T12:13:29","modified_gmt":"2021-04-21T12:13:29","slug":"legal-notice","status":"publish","type":"page","link":"https:\/\/ambientravel.com\/en\/legal-notice\/","title":{"rendered":"LEGAL NOTICE"},"content":{"rendered":"\t\t<div data-elementor-type=\"wp-page\" data-elementor-id=\"7126\" class=\"elementor elementor-7126 elementor-2837\" data-elementor-post-type=\"page\">\n\t\t\t\t<div class=\"elementor-element elementor-element-229f779 e-flex e-con-boxed e-con e-parent\" data-id=\"229f779\" data-element_type=\"container\" data-e-type=\"container\" data-settings=\"{&quot;background_background&quot;:&quot;classic&quot;}\">\n\t\t\t\t\t<div class=\"e-con-inner\">\n\t\t\t\t\t<\/div>\n\t\t\t\t<\/div>\n\t\t<div class=\"elementor-element elementor-element-47713e80 e-flex e-con-boxed e-con e-parent\" data-id=\"47713e80\" data-element_type=\"container\" data-e-type=\"container\">\n\t\t\t\t\t<div class=\"e-con-inner\">\n\t\t\t\t<div class=\"elementor-element elementor-element-4b989e36 elementor-widget elementor-widget-text-editor\" data-id=\"4b989e36\" data-element_type=\"widget\" data-e-type=\"widget\" data-widget_type=\"text-editor.default\">\n\t\t\t\t<div class=\"elementor-widget-container\">\n\t\t\t\t\t\t\t\t\t<p>La p\u00e1gina web\u00a0<a href=\"https:\/\/ambientravel.com\">AMBIENTRAVEL.COM<\/a>\u00a0es titularidad de\u00a0<strong>Viajes Termetours SLU.<\/strong>\u00a0provista de NIF B61057865, con domicilio social en C\/Basses de Sant Pere 26, 08003 Barcelona, con tel\u00e9fono +34 933100333 y e-mail:\u00a0<a href=\"mailto:info@cruceroferta.com\">info@cruceroferta.com<\/a>.<\/p><p>Dicha sociedad\u00a0est\u00e1 inscrita en el Registro Mercantil de Barcelona, en el Libro Tomo 28968, Folio 160, hoja B144749. Asimismo\u00a0<strong>Viajes Termetours<\/strong>\u00a0est\u00e1 inscrita como agencia de viajes en el Registro de Turismo de Catalu\u00f1a bajo el n\u00famero GC140MD como titulo mayorista \u2013 detellista<\/p><p>Las personas que accedan y\/o usen el sitio Web tienen la consideraci\u00f3n de Usuarios del sitio Web.<\/p><p><strong>Propiedad intelectual e industrial<\/strong><\/p><p><strong>Viajes Termetours SLU.<\/strong>\u00a0ostenta la titularidad o, en su caso, dispone de la necesaria licencia de uso otorgada por los titulares de tales derechos, de todos los derechos de propiedad intelectual e industrial de este sitio web, as\u00ed como de todos los elementos contenidos en el mismo.<\/p><p>De acuerdo con la normativa de propiedad intelectual e industrial, se proh\u00edbe la reproducci\u00f3n total o parcial por los Usuarios de los contenidos de este sitio Web, as\u00ed como su modificaci\u00f3n y\/o distribuci\u00f3n. No obstante, los Usuarios pueden visualizar, copiar, imprimir y guardar el contenido de dicha web en cualquier soporte f\u00edsico, siempre que lo hagan exclusivamente con fines personales y privados.<\/p><p><strong>Enlaces a otros sitios web (links)<\/strong><\/p><p>En este sitio web se pueden contener enlaces (links) a otros sitios web.\u00a0<strong>Viajes Termetours SLU.<\/strong>\u00a0no es responsable del contenido de tales sitios web al no ser propietario de los mismos ni ejercer ninguna capacidad de direcci\u00f3n ni control sobre dichos sitios web.<\/p>\t\t\t\t\t\t\t\t<\/div>\n\t\t\t\t<\/div>\n\t\t\t\t\t<\/div>\n\t\t\t\t<\/div>\n\t\t\t\t<\/div>\n\t\t","protected":false},"excerpt":{"rendered":"<p>The website AMBIENTRAVEL.COM is owned by Viajes Termetours SLU, with tax ID B61057865, registered office at C\/Basses de Sant Pere 26, 08003 Barcelona, telephone +34 933100333, and email: info@cruceroferta.com. This company is registered in the Commercial Register of Barcelona, in Book Volume 28968, Folio 160, Sheet B144749. Also, Viajes Termetours is registered as a travel [&hellip;]<\/p>\n","protected":false},"author":1,"featured_media":0,"parent":0,"menu_order":0,"comment_status":"closed","ping_status":"closed","template":"","meta":{"_acf_changed":false,"jetpack_post_was_ever_published":false,"footnotes":""},"class_list":["post-7126","page","type-page","status-publish","hentry"],"acf":[],"aioseo_notices":[],"jetpack_sharing_enabled":true,"jetpack_shortlink":"https:\/\/wp.me\/PahSLf-1QW","_links":{"self":[{"href":"https:\/\/ambientravel.com\/en\/wp-json\/wp\/v2\/pages\/7126","targetHints":{"allow":["GET"]}}],"collection":[{"href":"https:\/\/ambientravel.com\/en\/wp-json\/wp\/v2\/pages"}],"about":[{"href":"https:\/\/ambientravel.com\/en\/wp-json\/wp\/v2\/types\/page"}],"author":[{"embeddable":true,"href":"https:\/\/ambientravel.com\/en\/wp-json\/wp\/v2\/users\/1"}],"replies":[{"embeddable":true,"href":"https:\/\/ambientravel.com\/en\/wp-json\/wp\/v2\/comments?post=7126"}],"version-history":[{"count":0,"href":"https:\/\/ambientravel.com\/en\/wp-json\/wp\/v2\/pages\/7126\/revisions"}],"wp:attachment":[{"href":"https:\/\/ambientravel.com\/en\/wp-json\/wp\/v2\/media?parent=7126"}],"curies":[{"name":"wp","href":"https:\/\/api.w.org\/{rel}","templated":true}]}}